{"id":4259,"date":"2022-07-28T17:25:32","date_gmt":"2022-07-28T15:25:32","guid":{"rendered":"https:\/\/tlustacara.cz\/?page_id=4259"},"modified":"2022-09-09T12:39:21","modified_gmt":"2022-09-09T10:39:21","slug":"pridej-se","status":"publish","type":"page","link":"https:\/\/tlustacara.cz\/en\/pridej-se\/","title":{"rendered":"Join Us!"},"content":{"rendered":"<div data-elementor-type=\"wp-page\" data-elementor-id=\"4259\" class=\"elementor elementor-4259\" data-elementor-post-type=\"page\">\n\t\t\t\t\t\t<div class=\"elementor-inner\">\n\t\t\t\t<div class=\"elementor-section-wrap\">\n\t\t\t\t\t\t\t\t\t<section class=\"elementor-section elementor-top-section elementor-element elementor-element-be8de83 elementor-section-full_width elementor-section-height-default elementor-section-height-default\" data-id=\"be8de83\" data-element_type=\"section\">\n\t\t\t\t\t\t<div class=\"elementor-container elementor-column-gap-default\">\n\t\t\t\t\t\t\t<div class=\"elementor-row\">\n\t\t\t\t\t<div class=\"elementor-column elementor-col-100 elementor-top-column elementor-element elementor-element-545cff0\" data-id=\"545cff0\" data-element_type=\"column\" data-settings=\"{&quot;background_background&quot;:&quot;slideshow&quot;,&quot;background_slideshow_gallery&quot;:[{&quot;id&quot;:2777,&quot;url&quot;:&quot;https:\\\/\\\/tlustacara.cz\\\/wp-content\\\/uploads\\\/2021\\\/11\\\/30-scaled.jpg&quot;},{&quot;id&quot;:1882,&quot;url&quot;:&quot;https:\\\/\\\/tlustacara.cz\\\/wp-content\\\/uploads\\\/2021\\\/05\\\/WhatsApp-Image-2021-05-16-at-10.45.30-1.jpeg&quot;},{&quot;id&quot;:1862,&quot;url&quot;:&quot;https:\\\/\\\/tlustacara.cz\\\/wp-content\\\/uploads\\\/2021\\\/05\\\/WhatsApp-Image-2021-05-16-at-10.45.20-1.jpeg&quot;},{&quot;id&quot;:1542,&quot;url&quot;:&quot;https:\\\/\\\/tlustacara.cz\\\/wp-content\\\/uploads\\\/2021\\\/03\\\/MG_1105-14.jpg&quot;},{&quot;id&quot;:2775,&quot;url&quot;:&quot;https:\\\/\\\/tlustacara.cz\\\/wp-content\\\/uploads\\\/2021\\\/11\\\/28-scaled.jpg&quot;},{&quot;id&quot;:1541,&quot;url&quot;:&quot;https:\\\/\\\/tlustacara.cz\\\/wp-content\\\/uploads\\\/2021\\\/03\\\/MG_1081-3.jpg&quot;},{&quot;id&quot;:1891,&quot;url&quot;:&quot;https:\\\/\\\/tlustacara.cz\\\/wp-content\\\/uploads\\\/2021\\\/05\\\/WhatsApp-Image-2021-05-16-at-10.45.32-2.jpeg&quot;},{&quot;id&quot;:683,&quot;url&quot;:&quot;https:\\\/\\\/tlustacara.cz\\\/wp-content\\\/uploads\\\/2020\\\/09\\\/onas11-e1599988453863.jpg&quot;},{&quot;id&quot;:1547,&quot;url&quot;:&quot;https:\\\/\\\/tlustacara.cz\\\/wp-content\\\/uploads\\\/2021\\\/03\\\/026A9844-scaled.jpg&quot;},{&quot;id&quot;:1860,&quot;url&quot;:&quot;https:\\\/\\\/tlustacara.cz\\\/wp-content\\\/uploads\\\/2021\\\/05\\\/WhatsApp-Image-2021-05-16-at-10.45.18.jpeg&quot;},{&quot;id&quot;:2751,&quot;url&quot;:&quot;https:\\\/\\\/tlustacara.cz\\\/wp-content\\\/uploads\\\/2021\\\/11\\\/8-1-scaled.jpg&quot;},{&quot;id&quot;:3890,&quot;url&quot;:&quot;https:\\\/\\\/tlustacara.cz\\\/wp-content\\\/uploads\\\/2022\\\/04\\\/sulicka11-1.jpeg&quot;},{&quot;id&quot;:1864,&quot;url&quot;:&quot;https:\\\/\\\/tlustacara.cz\\\/wp-content\\\/uploads\\\/2021\\\/05\\\/WhatsApp-Image-2021-05-16-at-10.45.20.jpeg&quot;}],&quot;background_slideshow_lazyload&quot;:&quot;yes&quot;,&quot;background_slideshow_ken_burns&quot;:&quot;yes&quot;,&quot;background_slideshow_loop&quot;:&quot;yes&quot;,&quot;background_slideshow_slide_duration&quot;:5000,&quot;background_slideshow_slide_transition&quot;:&quot;fade&quot;,&quot;background_slideshow_transition_duration&quot;:500,&quot;background_slideshow_ken_burns_zoom_direction&quot;:&quot;in&quot;}\">\n\t\t\t<div class=\"elementor-column-wrap elementor-element-populated\">\n\t\t\t\t\t\t\t<div class=\"elementor-widget-wrap\">\n\t\t\t\t\t\t<div class=\"elementor-element elementor-element-5dbdb5d elementor-widget elementor-widget-heading\" data-id=\"5dbdb5d\" data-element_type=\"widget\" data-widget_type=\"heading.default\">\n\t\t\t\t<div class=\"elementor-widget-container\">\n\t\t\t<style>\/*! elementor - v3.16.0 - 17-10-2023 *\/\n.elementor-heading-title{padding:0;margin:0;line-height:1}.elementor-widget-heading .elementor-heading-title[class*=elementor-size-]>a{color:inherit;font-size:inherit;line-height:inherit}.elementor-widget-heading .elementor-heading-title.elementor-size-small{font-size:15px}.elementor-widget-heading .elementor-heading-title.elementor-size-medium{font-size:19px}.elementor-widget-heading .elementor-heading-title.elementor-size-large{font-size:29px}.elementor-widget-heading .elementor-heading-title.elementor-size-xl{font-size:39px}.elementor-widget-heading .elementor-heading-title.elementor-size-xxl{font-size:59px}<\/style><h1 class=\"elementor-heading-title elementor-size-default\">Join Us!<\/h1>\t\t<\/div>\n\t\t\t\t<\/div>\n\t\t\t\t\t\t<\/div>\n\t\t\t\t\t<\/div>\n\t\t<\/div>\n\t\t\t\t\t\t\t\t<\/div>\n\t\t\t\t\t<\/div>\n\t\t<\/section>\n\t\t\t\t<section class=\"elementor-section elementor-top-section elementor-element elementor-element-7d1e00c elementor-section-boxed elementor-section-height-default elementor-section-height-default\" data-id=\"7d1e00c\" data-element_type=\"section\">\n\t\t\t\t\t\t<div class=\"elementor-container elementor-column-gap-default\">\n\t\t\t\t\t\t\t<div class=\"elementor-row\">\n\t\t\t\t\t<div class=\"elementor-column elementor-col-100 elementor-top-column elementor-element elementor-element-068c47f\" data-id=\"068c47f\" data-element_type=\"column\">\n\t\t\t<div class=\"elementor-column-wrap elementor-element-populated\">\n\t\t\t\t\t\t\t<div class=\"elementor-widget-wrap\">\n\t\t\t\t\t\t<div class=\"elementor-element elementor-element-04f8189 elementor-widget elementor-widget-text-editor\" data-id=\"04f8189\" data-element_type=\"widget\" data-widget_type=\"text-editor.default\">\n\t\t\t\t<div class=\"elementor-widget-container\">\n\t\t\t<style>\/*! elementor - v3.16.0 - 17-10-2023 *\/\n.elementor-widget-text-editor.elementor-drop-cap-view-stacked .elementor-drop-cap{background-color:#69727d;color:#fff}.elementor-widget-text-editor.elementor-drop-cap-view-framed .elementor-drop-cap{color:#69727d;border:3px solid;background-color:transparent}.elementor-widget-text-editor:not(.elementor-drop-cap-view-default) .elementor-drop-cap{margin-top:8px}.elementor-widget-text-editor:not(.elementor-drop-cap-view-default) .elementor-drop-cap-letter{width:1em;height:1em}.elementor-widget-text-editor .elementor-drop-cap{float:left;text-align:center;line-height:1;font-size:50px}.elementor-widget-text-editor .elementor-drop-cap-letter{display:inline-block}<\/style>\t\t\t\t\t<div class=\"elementor-text-editor elementor-clearfix\">\n\t\t\t\t<p>Chce\u0161 pom\u00e1hat tam, kde je t\u0159eba, dozv\u00eddat se nov\u00e9 v\u011bci nebo vid\u011bt na vlastn\u00ed o\u010di, jak\u00e1 je situace v m\u00edstech, o kter\u00fdch se nemluv\u00ed? Nebo r\u00e1d\/a tvo\u0159\u00ed\u0161? Tak to jsme komunita pro Tebe.<\/p><p>Napi\u0161 n\u00e1m do tohoto formul\u00e1\u0159e n\u011bco o sob\u011b a p\u0159idej se!<\/p>\t\t\t\t\t<\/div>\n\t\t\t\t\t\t<\/div>\n\t\t\t\t<\/div>\n\t\t\t\t<div class=\"elementor-element elementor-element-5f5619f elementor-widget elementor-widget-wpforms\" data-id=\"5f5619f\" data-element_type=\"widget\" data-widget_type=\"wpforms.default\">\n\t\t\t\t<div class=\"elementor-widget-container\">\n\t\t\t<div class=\"wpforms-container\" id=\"wpforms-4251\"><form id=\"wpforms-form-4251\" class=\"wpforms-validate wpforms-form wpforms-ajax-form\" data-formid=\"4251\" method=\"post\" enctype=\"multipart\/form-data\" action=\"\/en\/wp-json\/wp\/v2\/pages\/4259\" data-token=\"66ed5f699e18558a24be98f40e92245f\" data-trp-original-action=\"\/en\/wp-json\/wp\/v2\/pages\/4259\"><noscript class=\"wpforms-error-noscript\">Please enable JavaScript in your browser to complete this form.<\/noscript><div class=\"wpforms-field-container\"><div id=\"wpforms-4251-field_4-container\" class=\"wpforms-field wpforms-field-name\" data-field-id=\"4\"><label class=\"wpforms-field-label\" for=\"wpforms-4251-field_4\">Jm\u00e9no \/ P\u0159ezd\u00edvka <span class=\"wpforms-required-label\">*<\/span><\/label><input type=\"text\" id=\"wpforms-4251-field_4\" class=\"wpforms-field-large wpforms-field-required\" name=\"wpforms[fields][4]\" required><\/div><div id=\"wpforms-4251-field_5-container\" class=\"wpforms-field wpforms-field-email\" data-field-id=\"5\"><label class=\"wpforms-field-label\" for=\"wpforms-4251-field_5\">Email <span class=\"wpforms-required-label\">*<\/span><\/label><input type=\"email\" id=\"wpforms-4251-field_5\" class=\"wpforms-field-large wpforms-field-required\" name=\"wpforms[fields][5]\" spellcheck=\"false\" required><\/div><div id=\"wpforms-4251-field_8-container\" class=\"wpforms-field wpforms-field-text\" data-field-id=\"8\"><label class=\"wpforms-field-label\" for=\"wpforms-4251-field_8\">Facebook<\/label><input type=\"text\" id=\"wpforms-4251-field_8\" class=\"wpforms-field-large\" name=\"wpforms[fields][8]\" ><\/div><div id=\"wpforms-4251-field_9-container\" class=\"wpforms-field wpforms-field-text\" data-field-id=\"9\"><label class=\"wpforms-field-label\" for=\"wpforms-4251-field_9\">Instagram<\/label><input type=\"text\" id=\"wpforms-4251-field_9\" class=\"wpforms-field-large\" name=\"wpforms[fields][9]\" ><\/div><div id=\"wpforms-4251-field_6-container\" class=\"wpforms-field wpforms-field-text\" data-field-id=\"6\"><label class=\"wpforms-field-label\" for=\"wpforms-4251-field_6\">Odkud jsi? <span class=\"wpforms-required-label\">*<\/span><\/label><input type=\"text\" id=\"wpforms-4251-field_6\" class=\"wpforms-field-large wpforms-field-required\" name=\"wpforms[fields][6]\" required><\/div><div id=\"wpforms-4251-field_7-container\" class=\"wpforms-field wpforms-field-checkbox\" data-field-id=\"7\"><label class=\"wpforms-field-label\" for=\"wpforms-4251-field_7\">Chce\u0161 se p\u0159ipojit <span class=\"wpforms-required-label\">*<\/span><\/label><ul id=\"wpforms-4251-field_7\" class=\"wpforms-field-required\"><li class=\"choice-1 depth-1\"><input type=\"checkbox\" id=\"wpforms-4251-field_7_1\" name=\"wpforms[fields][7][]\" value=\"jako kreativn\u00ed tv\u016frce \u010di um\u011blec\" required><label class=\"wpforms-field-label-inline\" for=\"wpforms-4251-field_7_1\">jako kreativn\u00ed tv\u016frce \u010di um\u011blec<\/label><\/li><li class=\"choice-2 depth-1\"><input type=\"checkbox\" id=\"wpforms-4251-field_7_2\" name=\"wpforms[fields][7][]\" value=\"do j\u00e1dra Tlust\u00e9 \u010c\u00e1ry\" required><label class=\"wpforms-field-label-inline\" for=\"wpforms-4251-field_7_2\">do j\u00e1dra Tlust\u00e9 \u010c\u00e1ry<\/label><\/li><li class=\"choice-3 depth-1\"><input type=\"checkbox\" id=\"wpforms-4251-field_7_3\" name=\"wpforms[fields][7][]\" value=\"jako dobrovoln\u00edk\" required><label class=\"wpforms-field-label-inline\" for=\"wpforms-4251-field_7_3\">jako dobrovoln\u00edk<\/label><\/li><\/ul><\/div><div id=\"wpforms-4251-field_10-container\" class=\"wpforms-field wpforms-field-textarea\" data-field-id=\"10\"><label class=\"wpforms-field-label\" for=\"wpforms-4251-field_10\">N\u011bco o Tob\u011b<\/label><textarea id=\"wpforms-4251-field_10\" class=\"wpforms-field-large\" name=\"wpforms[fields][10]\" placeholder=\"Kdo jsi? Co d\u011bl\u00e1\u0161? Jak\u00e9 kreativn\u00ed \u010dinnosti se v\u011bnuje\u0161? Pro\u010d se k n\u00e1m chce\u0161 p\u0159idat? Chce\u0161 se v\u011bnovat n\u011b\u010demu konkr\u00e9tn\u00edmu? Napi\u0161 n\u00e1m o tom sem!\" ><\/textarea><\/div><\/div><!-- .wpforms-field-container --><div class=\"wpforms-submit-container\" ><input type=\"hidden\" name=\"wpforms[id]\" value=\"4251\"><input type=\"hidden\" name=\"wpforms[author]\" value=\"1\"><button type=\"submit\" name=\"wpforms[submit]\" id=\"wpforms-submit-4251\" class=\"wpforms-submit ast-builder-social-element ast-inline-flex\" data-alt-text=\"Odes\u00edl\u00e1n\u00ed...\" data-submit-text=\"Odeslat\" aria-live=\"assertive\" value=\"wpforms-submit\">Odeslat<\/button><img decoding=\"async\" loading=\"lazy\" src=\"https:\/\/tlustacara.cz\/wp-content\/plugins\/wpforms-lite\/assets\/images\/submit-spin.svg\" class=\"wpforms-submit-spinner\" style=\"display: none;\" width=\"26\" height=\"26\" alt=\"Loading\"><\/div><input type=\"hidden\" name=\"trp-form-language\" value=\"en\"\/><\/form><\/div>  <!-- .wpforms-container -->\t\t<\/div>\n\t\t\t\t<\/div>\n\t\t\t\t\t\t<\/div>\n\t\t\t\t\t<\/div>\n\t\t<\/div>\n\t\t\t\t\t\t\t\t<\/div>\n\t\t\t\t\t<\/div>\n\t\t<\/section>\n\t\t\t\t\t\t\t\t\t<\/div>\n\t\t\t<\/div>\n\t\t\t\t\t<\/div>","protected":false},"excerpt":{"rendered":"<p>P\u0159idej se! Chce\u0161 pom\u00e1hat tam, kde je t\u0159eba, dozv\u00eddat se nov\u00e9 v\u011bci nebo vid\u011bt na vlastn\u00ed o\u010di, jak\u00e1 je situace v m\u00edstech, o kter\u00fdch se nemluv\u00ed? Nebo r\u00e1d\/a tvo\u0159\u00ed\u0161? Tak to jsme komunita pro Tebe. Napi\u0161 n\u00e1m do tohoto formul\u00e1\u0159e n\u011bco o sob\u011b a p\u0159idej se!<\/p>","protected":false},"author":1,"featured_media":2751,"parent":0,"menu_order":0,"comment_status":"closed","ping_status":"closed","template":"","meta":{"site-sidebar-layout":"no-sidebar","site-content-layout":"page-builder","ast-site-content-layout":"","site-content-style":"default","site-sidebar-style":"default","ast-global-header-display":"","ast-banner-title-visibility":"","ast-main-header-display":"","ast-hfb-above-header-display":"","ast-hfb-below-header-display":"","ast-hfb-mobile-header-display":"","site-post-title":"disabled","ast-breadcrumbs-content":"","ast-featured-img":"disabled","footer-sml-layout":"","theme-transparent-header-meta":"","adv-header-id-meta":"","stick-header-meta":"","header-above-stick-meta":"","header-main-stick-meta":"","header-below-stick-meta":"","astra-migrate-meta-layouts":"","ast-page-background-enabled":"default","ast-page-background-meta":{"desktop":{"background-color":"","background-image":"","background-repeat":"repeat","background-position":"center center","background-size":"auto","background-attachment":"scroll","background-type":"","background-media":"","overlay-type":"","overlay-color":"","overlay-gradient":""},"tablet":{"background-color":"","background-image":"","background-repeat":"repeat","background-position":"center center","background-size":"auto","background-attachment":"scroll","background-type":"","background-media":"","overlay-type":"","overlay-color":"","overlay-gradient":""},"mobile":{"background-color":"","background-image":"","background-repeat":"repeat","background-position":"center center","background-size":"auto","background-attachment":"scroll","background-type":"","background-media":"","overlay-type":"","overlay-color":"","overlay-gradient":""}},"ast-content-background-meta":{"desktop":{"background-color":"var(--ast-global-color-5)","background-image":"","background-repeat":"repeat","background-position":"center center","background-size":"auto","background-attachment":"scroll","background-type":"","background-media":"","overlay-type":"","overlay-color":"","overlay-gradient":""},"tablet":{"background-color":"var(--ast-global-color-5)","background-image":"","background-repeat":"repeat","background-position":"center center","background-size":"auto","background-attachment":"scroll","background-type":"","background-media":"","overlay-type":"","overlay-color":"","overlay-gradient":""},"mobile":{"background-color":"var(--ast-global-color-5)","background-image":"","background-repeat":"repeat","background-position":"center center","background-size":"auto","background-attachment":"scroll","background-type":"","background-media":"","overlay-type":"","overlay-color":"","overlay-gradient":""}},"footnotes":""},"yoast_head":"<!-- This site is optimized with the Yoast SEO plugin v21.4 - https:\/\/yoast.com\/wordpress\/plugins\/seo\/ -->\n<title>P\u0159idej se! - Tlust\u00e1 \u010d\u00e1ra<\/title>\n<meta name=\"description\" content=\"P\u0159idej se k n\u00e1m! Um\u011bleck\u00e1 skupina Tlust\u00e1 \u010c\u00e1ra v\u00edt\u00e1 um\u011blce, tvo\u0159iv\u00e9 lidi a dobrovoln\u00edky, kte\u0159\u00ed maj\u00ed chu\u0165 se zapojit a n\u011bco ud\u011blat pro dobrou v\u011bc!\" \/>\n<meta name=\"robots\" content=\"index, follow, max-snippet:-1, max-image-preview:large, max-video-preview:-1\" \/>\n<link rel=\"canonical\" href=\"https:\/\/tlustacara.cz\/en\/pridej-se\/\" \/>\n<meta property=\"og:locale\" content=\"en_US\" \/>\n<meta property=\"og:type\" content=\"article\" \/>\n<meta property=\"og:title\" content=\"P\u0159idej se!\" \/>\n<meta property=\"og:description\" content=\"P\u0159idej se k n\u00e1m! Um\u011bleck\u00e1 skupina Tlust\u00e1 \u010c\u00e1ra v\u00edt\u00e1 um\u011blce, tvo\u0159iv\u00e9 lidi a dobrovoln\u00edky, kte\u0159\u00ed maj\u00ed chu\u0165 se zapojit a n\u011bco ud\u011blat pro dobrou v\u011bc!\" \/>\n<meta property=\"og:url\" content=\"https:\/\/tlustacara.cz\/en\/pridej-se\/\" \/>\n<meta property=\"og:site_name\" content=\"Tlust\u00e1 \u010d\u00e1ra\" \/>\n<meta property=\"article:publisher\" content=\"https:\/\/facebook.com\/tlustacara\" \/>\n<meta property=\"article:modified_time\" content=\"2022-09-09T10:39:21+00:00\" \/>\n<meta property=\"og:image\" content=\"https:\/\/tlustacara.cz\/wp-content\/uploads\/2021\/11\/8-1-scaled.jpg\" \/>\n\t<meta property=\"og:image:width\" content=\"2560\" \/>\n\t<meta property=\"og:image:height\" content=\"1709\" \/>\n\t<meta property=\"og:image:type\" content=\"image\/jpeg\" \/>\n<meta name=\"twitter:card\" content=\"summary_large_image\" \/>\n<meta name=\"twitter:title\" content=\"P\u0159idej se!\" \/>\n<meta name=\"twitter:description\" content=\"P\u0159idej se k n\u00e1m! Um\u011bleck\u00e1 skupina Tlust\u00e1 \u010c\u00e1ra v\u00edt\u00e1 um\u011blce, tvo\u0159iv\u00e9 lidi a dobrovoln\u00edky, kte\u0159\u00ed maj\u00ed chu\u0165 se zapojit a n\u011bco ud\u011blat pro dobrou v\u011bc!\" \/>\n<meta name=\"twitter:image\" content=\"https:\/\/tlustacara.cz\/wp-content\/uploads\/2021\/11\/8-1-scaled.jpg\" \/>\n<script type=\"application\/ld+json\" class=\"yoast-schema-graph\">{\"@context\":\"https:\/\/schema.org\",\"@graph\":[{\"@type\":\"WebPage\",\"@id\":\"https:\/\/tlustacara.cz\/pridej-se\/\",\"url\":\"https:\/\/tlustacara.cz\/pridej-se\/\",\"name\":\"P\u0159idej se! - Tlust\u00e1 \u010d\u00e1ra\",\"isPartOf\":{\"@id\":\"https:\/\/tlustacara.cz\/en\/#website\"},\"datePublished\":\"2022-07-28T15:25:32+00:00\",\"dateModified\":\"2022-09-09T10:39:21+00:00\",\"description\":\"P\u0159idej se k n\u00e1m! Um\u011bleck\u00e1 skupina Tlust\u00e1 \u010c\u00e1ra v\u00edt\u00e1 um\u011blce, tvo\u0159iv\u00e9 lidi a dobrovoln\u00edky, kte\u0159\u00ed maj\u00ed chu\u0165 se zapojit a n\u011bco ud\u011blat pro dobrou v\u011bc!\",\"breadcrumb\":{\"@id\":\"https:\/\/tlustacara.cz\/pridej-se\/#breadcrumb\"},\"inLanguage\":\"en-US\",\"potentialAction\":[{\"@type\":\"ReadAction\",\"target\":[\"https:\/\/tlustacara.cz\/pridej-se\/\"]}]},{\"@type\":\"BreadcrumbList\",\"@id\":\"https:\/\/tlustacara.cz\/pridej-se\/#breadcrumb\",\"itemListElement\":[{\"@type\":\"ListItem\",\"position\":1,\"name\":\"Dom\u016f\",\"item\":\"https:\/\/tlustacara.cz\/\"},{\"@type\":\"ListItem\",\"position\":2,\"name\":\"P\u0159idej se!\"}]},{\"@type\":\"WebSite\",\"@id\":\"https:\/\/tlustacara.cz\/en\/#website\",\"url\":\"https:\/\/tlustacara.cz\/en\/\",\"name\":\"Tlust\u00e1 \u010d\u00e1ra\",\"description\":\"Um\u011bleck\u00e1 skupina tlust\u00e1 \u010d\u00e1ra\",\"publisher\":{\"@id\":\"https:\/\/tlustacara.cz\/en\/#organization\"},\"potentialAction\":[{\"@type\":\"SearchAction\",\"target\":{\"@type\":\"EntryPoint\",\"urlTemplate\":\"https:\/\/tlustacara.cz\/en\/?s={search_term_string}\"},\"query-input\":\"required name=search_term_string\"}],\"inLanguage\":\"en-US\"},{\"@type\":\"Organization\",\"@id\":\"https:\/\/tlustacara.cz\/en\/#organization\",\"name\":\"Tlust\u00e1 \u010d\u00e1ra\",\"url\":\"https:\/\/tlustacara.cz\/en\/\",\"logo\":{\"@type\":\"ImageObject\",\"inLanguage\":\"en-US\",\"@id\":\"https:\/\/tlustacara.cz\/en\/#\/schema\/logo\/image\/\",\"url\":\"https:\/\/tlustacara.cz\/wp-content\/uploads\/2020\/09\/totot-removebg-preview.png\",\"contentUrl\":\"https:\/\/tlustacara.cz\/wp-content\/uploads\/2020\/09\/totot-removebg-preview.png\",\"width\":500,\"height\":500,\"caption\":\"Tlust\u00e1 \u010d\u00e1ra\"},\"image\":{\"@id\":\"https:\/\/tlustacara.cz\/en\/#\/schema\/logo\/image\/\"},\"sameAs\":[\"https:\/\/facebook.com\/tlustacara\",\"https:\/\/instagram.com\/tlustacara\",\"https:\/\/www.youtube.com\/channel\/UCxQ41kVDbj5r6ElmXDey39w\"]}]}<\/script>\n<!-- \/ Yoast SEO plugin. -->","yoast_head_json":{"title":"P\u0159idej se! - Tlust\u00e1 \u010d\u00e1ra","description":"P\u0159idej se k n\u00e1m! Um\u011bleck\u00e1 skupina Tlust\u00e1 \u010c\u00e1ra v\u00edt\u00e1 um\u011blce, tvo\u0159iv\u00e9 lidi a dobrovoln\u00edky, kte\u0159\u00ed maj\u00ed chu\u0165 se zapojit a n\u011bco ud\u011blat pro dobrou v\u011bc!","robots":{"index":"index","follow":"follow","max-snippet":"max-snippet:-1","max-image-preview":"max-image-preview:large","max-video-preview":"max-video-preview:-1"},"canonical":"https:\/\/tlustacara.cz\/en\/pridej-se\/","og_locale":"en_US","og_type":"article","og_title":"P\u0159idej se!","og_description":"P\u0159idej se k n\u00e1m! Um\u011bleck\u00e1 skupina Tlust\u00e1 \u010c\u00e1ra v\u00edt\u00e1 um\u011blce, tvo\u0159iv\u00e9 lidi a dobrovoln\u00edky, kte\u0159\u00ed maj\u00ed chu\u0165 se zapojit a n\u011bco ud\u011blat pro dobrou v\u011bc!","og_url":"https:\/\/tlustacara.cz\/en\/pridej-se\/","og_site_name":"Tlust\u00e1 \u010d\u00e1ra","article_publisher":"https:\/\/facebook.com\/tlustacara","article_modified_time":"2022-09-09T10:39:21+00:00","og_image":[{"width":2560,"height":1709,"url":"https:\/\/tlustacara.cz\/wp-content\/uploads\/2021\/11\/8-1-scaled.jpg","type":"image\/jpeg"}],"twitter_card":"summary_large_image","twitter_title":"P\u0159idej se!","twitter_description":"P\u0159idej se k n\u00e1m! Um\u011bleck\u00e1 skupina Tlust\u00e1 \u010c\u00e1ra v\u00edt\u00e1 um\u011blce, tvo\u0159iv\u00e9 lidi a dobrovoln\u00edky, kte\u0159\u00ed maj\u00ed chu\u0165 se zapojit a n\u011bco ud\u011blat pro dobrou v\u011bc!","twitter_image":"https:\/\/tlustacara.cz\/wp-content\/uploads\/2021\/11\/8-1-scaled.jpg","schema":{"@context":"https:\/\/schema.org","@graph":[{"@type":"WebPage","@id":"https:\/\/tlustacara.cz\/pridej-se\/","url":"https:\/\/tlustacara.cz\/pridej-se\/","name":"P\u0159idej se! - Tlust\u00e1 \u010d\u00e1ra","isPartOf":{"@id":"https:\/\/tlustacara.cz\/en\/#website"},"datePublished":"2022-07-28T15:25:32+00:00","dateModified":"2022-09-09T10:39:21+00:00","description":"P\u0159idej se k n\u00e1m! Um\u011bleck\u00e1 skupina Tlust\u00e1 \u010c\u00e1ra v\u00edt\u00e1 um\u011blce, tvo\u0159iv\u00e9 lidi a dobrovoln\u00edky, kte\u0159\u00ed maj\u00ed chu\u0165 se zapojit a n\u011bco ud\u011blat pro dobrou v\u011bc!","breadcrumb":{"@id":"https:\/\/tlustacara.cz\/pridej-se\/#breadcrumb"},"inLanguage":"en-US","potentialAction":[{"@type":"ReadAction","target":["https:\/\/tlustacara.cz\/pridej-se\/"]}]},{"@type":"BreadcrumbList","@id":"https:\/\/tlustacara.cz\/pridej-se\/#breadcrumb","itemListElement":[{"@type":"ListItem","position":1,"name":"Dom\u016f","item":"https:\/\/tlustacara.cz\/"},{"@type":"ListItem","position":2,"name":"P\u0159idej se!"}]},{"@type":"WebSite","@id":"https:\/\/tlustacara.cz\/en\/#website","url":"https:\/\/tlustacara.cz\/en\/","name":"Tlust\u00e1 \u010d\u00e1ra","description":"Um\u011bleck\u00e1 skupina tlust\u00e1 \u010d\u00e1ra","publisher":{"@id":"https:\/\/tlustacara.cz\/en\/#organization"},"potentialAction":[{"@type":"SearchAction","target":{"@type":"EntryPoint","urlTemplate":"https:\/\/tlustacara.cz\/en\/?s={search_term_string}"},"query-input":"required name=search_term_string"}],"inLanguage":"en-US"},{"@type":"Organization","@id":"https:\/\/tlustacara.cz\/en\/#organization","name":"Tlust\u00e1 \u010d\u00e1ra","url":"https:\/\/tlustacara.cz\/en\/","logo":{"@type":"ImageObject","inLanguage":"en-US","@id":"https:\/\/tlustacara.cz\/en\/#\/schema\/logo\/image\/","url":"https:\/\/tlustacara.cz\/wp-content\/uploads\/2020\/09\/totot-removebg-preview.png","contentUrl":"https:\/\/tlustacara.cz\/wp-content\/uploads\/2020\/09\/totot-removebg-preview.png","width":500,"height":500,"caption":"Tlust\u00e1 \u010d\u00e1ra"},"image":{"@id":"https:\/\/tlustacara.cz\/en\/#\/schema\/logo\/image\/"},"sameAs":["https:\/\/facebook.com\/tlustacara","https:\/\/instagram.com\/tlustacara","https:\/\/www.youtube.com\/channel\/UCxQ41kVDbj5r6ElmXDey39w"]}]}},"_links":{"self":[{"href":"https:\/\/tlustacara.cz\/en\/wp-json\/wp\/v2\/pages\/4259"}],"collection":[{"href":"https:\/\/tlustacara.cz\/en\/wp-json\/wp\/v2\/pages"}],"about":[{"href":"https:\/\/tlustacara.cz\/en\/wp-json\/wp\/v2\/types\/page"}],"author":[{"embeddable":true,"href":"https:\/\/tlustacara.cz\/en\/wp-json\/wp\/v2\/users\/1"}],"replies":[{"embeddable":true,"href":"https:\/\/tlustacara.cz\/en\/wp-json\/wp\/v2\/comments?post=4259"}],"version-history":[{"count":46,"href":"https:\/\/tlustacara.cz\/en\/wp-json\/wp\/v2\/pages\/4259\/revisions"}],"predecessor-version":[{"id":4322,"href":"https:\/\/tlustacara.cz\/en\/wp-json\/wp\/v2\/pages\/4259\/revisions\/4322"}],"wp:featuredmedia":[{"embeddable":true,"href":"https:\/\/tlustacara.cz\/en\/wp-json\/wp\/v2\/media\/2751"}],"wp:attachment":[{"href":"https:\/\/tlustacara.cz\/en\/wp-json\/wp\/v2\/media?parent=4259"}],"curies":[{"name":"wp","href":"https:\/\/api.w.org\/{rel}","templated":true}]}}