{"id":1183,"date":"2021-03-14T15:07:12","date_gmt":"2021-03-14T14:07:12","guid":{"rendered":"https:\/\/tlustacara.cz\/?page_id=1183"},"modified":"2022-01-27T12:52:46","modified_gmt":"2022-01-27T11:52:46","slug":"kontakt","status":"publish","type":"page","link":"https:\/\/tlustacara.cz\/en\/kontakt\/","title":{"rendered":"Contact"},"content":{"rendered":"<div data-elementor-type=\"wp-page\" data-elementor-id=\"1183\" class=\"elementor elementor-1183\" data-elementor-post-type=\"page\">\n\t\t\t\t\t\t<div class=\"elementor-inner\">\n\t\t\t\t<div class=\"elementor-section-wrap\">\n\t\t\t\t\t\t\t\t\t<section class=\"elementor-section elementor-top-section elementor-element elementor-element-fe6e2a2 elementor-section-boxed elementor-section-height-default elementor-section-height-default\" data-id=\"fe6e2a2\" data-element_type=\"section\">\n\t\t\t\t\t\t<div class=\"elementor-container elementor-column-gap-default\">\n\t\t\t\t\t\t\t<div class=\"elementor-row\">\n\t\t\t\t\t<div class=\"elementor-column elementor-col-100 elementor-top-column elementor-element elementor-element-8319210\" data-id=\"8319210\" data-element_type=\"column\">\n\t\t\t<div class=\"elementor-column-wrap elementor-element-populated\">\n\t\t\t\t\t\t\t<div class=\"elementor-widget-wrap\">\n\t\t\t\t\t\t<div class=\"elementor-element elementor-element-1a7f6cc elementor-widget elementor-widget-heading\" data-id=\"1a7f6cc\" data-element_type=\"widget\" data-widget_type=\"heading.default\">\n\t\t\t\t<div class=\"elementor-widget-container\">\n\t\t\t<style>\/*! elementor - v3.16.0 - 17-10-2023 *\/\n.elementor-heading-title{padding:0;margin:0;line-height:1}.elementor-widget-heading .elementor-heading-title[class*=elementor-size-]>a{color:inherit;font-size:inherit;line-height:inherit}.elementor-widget-heading .elementor-heading-title.elementor-size-small{font-size:15px}.elementor-widget-heading .elementor-heading-title.elementor-size-medium{font-size:19px}.elementor-widget-heading .elementor-heading-title.elementor-size-large{font-size:29px}.elementor-widget-heading .elementor-heading-title.elementor-size-xl{font-size:39px}.elementor-widget-heading .elementor-heading-title.elementor-size-xxl{font-size:59px}<\/style><h1 class=\"elementor-heading-title elementor-size-default\">Contact<\/h1>\t\t<\/div>\n\t\t\t\t<\/div>\n\t\t\t\t\t\t<\/div>\n\t\t\t\t\t<\/div>\n\t\t<\/div>\n\t\t\t\t\t\t\t\t<\/div>\n\t\t\t\t\t<\/div>\n\t\t<\/section>\n\t\t\t\t<section class=\"elementor-section elementor-top-section elementor-element elementor-element-e747b32 elementor-section-height-min-height elementor-section-items-top elementor-section-boxed elementor-section-height-default\" data-id=\"e747b32\" data-element_type=\"section\">\n\t\t\t\t\t\t<div class=\"elementor-container elementor-column-gap-no\">\n\t\t\t\t\t\t\t<div class=\"elementor-row\">\n\t\t\t\t\t<div class=\"elementor-column elementor-col-50 elementor-top-column elementor-element elementor-element-4973f21\" data-id=\"4973f21\" data-element_type=\"column\">\n\t\t\t<div class=\"elementor-column-wrap elementor-element-populated\">\n\t\t\t\t\t\t\t<div class=\"elementor-widget-wrap\">\n\t\t\t\t\t\t<div class=\"elementor-element elementor-element-5db542c elementor-align-left elementor-icon-list--layout-traditional elementor-list-item-link-full_width elementor-widget elementor-widget-icon-list\" data-id=\"5db542c\" data-element_type=\"widget\" data-widget_type=\"icon-list.default\">\n\t\t\t\t<div class=\"elementor-widget-container\">\n\t\t\t<link rel=\"stylesheet\" href=\"https:\/\/tlustacara.cz\/wp-content\/plugins\/elementor\/assets\/css\/widget-icon-list.min.css\">\t\t<ul class=\"elementor-icon-list-items\">\n\t\t\t\t\t\t\t<li class=\"elementor-icon-list-item\">\n\t\t\t\t\t\t\t\t\t\t\t<a href=\"https:\/\/goo.gl\/maps\/UWEghe8mhN9nDqpG7\">\n\n\t\t\t\t\t\t\t\t\t\t\t\t<span class=\"elementor-icon-list-icon\">\n\t\t\t\t\t\t\t<i aria-hidden=\"true\" class=\"fas fa-map-marker-alt\"><\/i>\t\t\t\t\t\t<\/span>\n\t\t\t\t\t\t\t\t\t\t<span class=\"elementor-icon-list-text\">Sokolovsk\u00e1 136\/24<br>186 00 Praha 8 - Invalidovna<\/span>\n\t\t\t\t\t\t\t\t\t\t\t<\/a>\n\t\t\t\t\t\t\t\t\t<\/li>\n\t\t\t\t\t\t\t\t<li class=\"elementor-icon-list-item\">\n\t\t\t\t\t\t\t\t\t\t\t<a href=\"tel:00420-725-805-156\">\n\n\t\t\t\t\t\t\t\t\t\t\t\t<span class=\"elementor-icon-list-icon\">\n\t\t\t\t\t\t\t<i aria-hidden=\"true\" class=\"fas fa-phone\"><\/i>\t\t\t\t\t\t<\/span>\n\t\t\t\t\t\t\t\t\t\t<span class=\"elementor-icon-list-text\">+420 725 805 156<\/span>\n\t\t\t\t\t\t\t\t\t\t\t<\/a>\n\t\t\t\t\t\t\t\t\t<\/li>\n\t\t\t\t\t\t\t\t<li class=\"elementor-icon-list-item\">\n\t\t\t\t\t\t\t\t\t\t\t<a href=\"mailto:info@tlustacara.cz\">\n\n\t\t\t\t\t\t\t\t\t\t\t\t<span class=\"elementor-icon-list-icon\">\n\t\t\t\t\t\t\t<i aria-hidden=\"true\" class=\"far fa-envelope-open\"><\/i>\t\t\t\t\t\t<\/span>\n\t\t\t\t\t\t\t\t\t\t<span class=\"elementor-icon-list-text\">info@tlustacara.cz<\/span>\n\t\t\t\t\t\t\t\t\t\t\t<\/a>\n\t\t\t\t\t\t\t\t\t<\/li>\n\t\t\t\t\t\t\t\t<li class=\"elementor-icon-list-item\">\n\t\t\t\t\t\t\t\t\t\t\t<a href=\"https:\/\/facebook.com\/tlustacara\">\n\n\t\t\t\t\t\t\t\t\t\t\t\t<span class=\"elementor-icon-list-icon\">\n\t\t\t\t\t\t\t<i aria-hidden=\"true\" class=\"fab fa-facebook-f\"><\/i>\t\t\t\t\t\t<\/span>\n\t\t\t\t\t\t\t\t\t\t<span class=\"elementor-icon-list-text\">https:\/\/facebook.com\/tlustacara<\/span>\n\t\t\t\t\t\t\t\t\t\t\t<\/a>\n\t\t\t\t\t\t\t\t\t<\/li>\n\t\t\t\t\t\t\t\t<li class=\"elementor-icon-list-item\">\n\t\t\t\t\t\t\t\t\t\t\t<a href=\"https:\/\/instagram.com\/tlustacara\/\">\n\n\t\t\t\t\t\t\t\t\t\t\t\t<span class=\"elementor-icon-list-icon\">\n\t\t\t\t\t\t\t<i aria-hidden=\"true\" class=\"fab fa-instagram\"><\/i>\t\t\t\t\t\t<\/span>\n\t\t\t\t\t\t\t\t\t\t<span class=\"elementor-icon-list-text\">https:\/\/instagram.com\/tlustacara<\/span>\n\t\t\t\t\t\t\t\t\t\t\t<\/a>\n\t\t\t\t\t\t\t\t\t<\/li>\n\t\t\t\t\t\t<\/ul>\n\t\t\t\t<\/div>\n\t\t\t\t<\/div>\n\t\t\t\t\t\t<\/div>\n\t\t\t\t\t<\/div>\n\t\t<\/div>\n\t\t\t\t<div class=\"elementor-column elementor-col-50 elementor-top-column elementor-element elementor-element-713e1fb\" data-id=\"713e1fb\" data-element_type=\"column\">\n\t\t\t<div class=\"elementor-column-wrap elementor-element-populated\">\n\t\t\t\t\t\t\t<div class=\"elementor-widget-wrap\">\n\t\t\t\t\t\t<div class=\"elementor-element elementor-element-b51777c elementor-widget elementor-widget-google_maps\" data-id=\"b51777c\" data-element_type=\"widget\" data-widget_type=\"google_maps.default\">\n\t\t\t\t<div class=\"elementor-widget-container\">\n\t\t\t<style>\/*! elementor - v3.16.0 - 17-10-2023 *\/\n.elementor-widget-google_maps .elementor-widget-container{overflow:hidden}.elementor-widget-google_maps .elementor-custom-embed{line-height:0}.elementor-widget-google_maps iframe{height:300px}<\/style>\t\t<div class=\"elementor-custom-embed\">\n\t\t\t<iframe loading=\"lazy\"\n\t\t\t\t\tsrc=\"https:\/\/maps.google.com\/maps?q=Sokolovsk%C3%A1%20136%2F24%2C%20186%2000%20Praha%208-Invalidovna&#038;t=m&#038;z=13&#038;output=embed&#038;iwloc=near\"\n\t\t\t\t\ttitle=\"Sokolovsk\u00e1 136\/24, 186 00 Praha 8-Invalidovna\"\n\t\t\t\t\taria-label=\"Sokolovsk\u00e1 136\/24, 186 00 Praha 8-Invalidovna\"\n\t\t\t><\/iframe>\n\t\t<\/div>\n\t\t\t\t<\/div>\n\t\t\t\t<\/div>\n\t\t\t\t\t\t<\/div>\n\t\t\t\t\t<\/div>\n\t\t<\/div>\n\t\t\t\t\t\t\t\t<\/div>\n\t\t\t\t\t<\/div>\n\t\t<\/section>\n\t\t\t\t\t\t\t\t\t<\/div>\n\t\t\t<\/div>\n\t\t\t\t\t<\/div>","protected":false},"excerpt":{"rendered":"<p>Kontakt Sokolovsk\u00e1 136\/24186 00 Praha 8 &#8211; Invalidovna +420 725 805 156 info@tlustacara.cz facebook.com\/tlustacara instagram.com\/tlustacara<\/p>","protected":false},"author":1,"featured_media":0,"parent":0,"menu_order":0,"comment_status":"closed","ping_status":"closed","template":"","meta":{"site-sidebar-layout":"no-sidebar","site-content-layout":"page-builder","ast-site-content-layout":"","site-content-style":"default","site-sidebar-style":"default","ast-global-header-display":"","ast-banner-title-visibility":"","ast-main-header-display":"","ast-hfb-above-header-display":"","ast-hfb-below-header-display":"","ast-hfb-mobile-header-display":"","site-post-title":"disabled","ast-breadcrumbs-content":"","ast-featured-img":"disabled","footer-sml-layout":"","theme-transparent-header-meta":"default","adv-header-id-meta":"","stick-header-meta":"","header-above-stick-meta":"","header-main-stick-meta":"","header-below-stick-meta":"","astra-migrate-meta-layouts":"","ast-page-background-enabled":"default","ast-page-background-meta":{"desktop":{"background-color":"","background-image":"","background-repeat":"repeat","background-position":"center center","background-size":"auto","background-attachment":"scroll","background-type":"","background-media":"","overlay-type":"","overlay-color":"","overlay-gradient":""},"tablet":{"background-color":"","background-image":"","background-repeat":"repeat","background-position":"center center","background-size":"auto","background-attachment":"scroll","background-type":"","background-media":"","overlay-type":"","overlay-color":"","overlay-gradient":""},"mobile":{"background-color":"","background-image":"","background-repeat":"repeat","background-position":"center center","background-size":"auto","background-attachment":"scroll","background-type":"","background-media":"","overlay-type":"","overlay-color":"","overlay-gradient":""}},"ast-content-background-meta":{"desktop":{"background-color":"var(--ast-global-color-5)","background-image":"","background-repeat":"repeat","background-position":"center center","background-size":"auto","background-attachment":"scroll","background-type":"","background-media":"","overlay-type":"","overlay-color":"","overlay-gradient":""},"tablet":{"background-color":"var(--ast-global-color-5)","background-image":"","background-repeat":"repeat","background-position":"center center","background-size":"auto","background-attachment":"scroll","background-type":"","background-media":"","overlay-type":"","overlay-color":"","overlay-gradient":""},"mobile":{"background-color":"var(--ast-global-color-5)","background-image":"","background-repeat":"repeat","background-position":"center center","background-size":"auto","background-attachment":"scroll","background-type":"","background-media":"","overlay-type":"","overlay-color":"","overlay-gradient":""}},"footnotes":""},"yoast_head":"<!-- This site is optimized with the Yoast SEO plugin v21.4 - https:\/\/yoast.com\/wordpress\/plugins\/seo\/ -->\n<title>Kontakt - Tlust\u00e1 \u010d\u00e1ra<\/title>\n<meta name=\"robots\" content=\"index, follow, max-snippet:-1, max-image-preview:large, max-video-preview:-1\" \/>\n<link rel=\"canonical\" href=\"https:\/\/tlustacara.cz\/en\/kontakt\/\" \/>\n<meta property=\"og:locale\" content=\"en_US\" \/>\n<meta property=\"og:type\" content=\"article\" \/>\n<meta property=\"og:title\" content=\"Kontakt - Tlust\u00e1 \u010d\u00e1ra\" \/>\n<meta property=\"og:description\" content=\"Kontakt Sokolovsk\u00e1 136\/24186 00 Praha 8 &#8211; Invalidovna +420 725 805 156 info@tlustacara.cz facebook.com\/tlustacara instagram.com\/tlustacara\" \/>\n<meta property=\"og:url\" content=\"https:\/\/tlustacara.cz\/en\/kontakt\/\" \/>\n<meta property=\"og:site_name\" content=\"Tlust\u00e1 \u010d\u00e1ra\" \/>\n<meta property=\"article:publisher\" content=\"https:\/\/facebook.com\/tlustacara\" \/>\n<meta property=\"article:modified_time\" content=\"2022-01-27T11:52:46+00:00\" \/>\n<meta property=\"og:image\" content=\"https:\/\/tlustacara.cz\/wp-content\/uploads\/2020\/09\/totot-removebg-preview.png\" \/>\n\t<meta property=\"og:image:width\" content=\"500\" \/>\n\t<meta property=\"og:image:height\" content=\"500\" \/>\n\t<meta property=\"og:image:type\" content=\"image\/png\" \/>\n<meta name=\"twitter:card\" content=\"summary_large_image\" \/>\n<meta name=\"twitter:label1\" content=\"Est. reading time\" \/>\n\t<meta name=\"twitter:data1\" content=\"1 minute\" \/>\n<script type=\"application\/ld+json\" class=\"yoast-schema-graph\">{\"@context\":\"https:\/\/schema.org\",\"@graph\":[{\"@type\":\"WebPage\",\"@id\":\"https:\/\/tlustacara.cz\/kontakt\/\",\"url\":\"https:\/\/tlustacara.cz\/kontakt\/\",\"name\":\"Kontakt - Tlust\u00e1 \u010d\u00e1ra\",\"isPartOf\":{\"@id\":\"https:\/\/tlustacara.cz\/en\/#website\"},\"datePublished\":\"2021-03-14T14:07:12+00:00\",\"dateModified\":\"2022-01-27T11:52:46+00:00\",\"breadcrumb\":{\"@id\":\"https:\/\/tlustacara.cz\/kontakt\/#breadcrumb\"},\"inLanguage\":\"en-US\",\"potentialAction\":[{\"@type\":\"ReadAction\",\"target\":[\"https:\/\/tlustacara.cz\/kontakt\/\"]}]},{\"@type\":\"BreadcrumbList\",\"@id\":\"https:\/\/tlustacara.cz\/kontakt\/#breadcrumb\",\"itemListElement\":[{\"@type\":\"ListItem\",\"position\":1,\"name\":\"Dom\u016f\",\"item\":\"https:\/\/tlustacara.cz\/\"},{\"@type\":\"ListItem\",\"position\":2,\"name\":\"Kontakt\"}]},{\"@type\":\"WebSite\",\"@id\":\"https:\/\/tlustacara.cz\/en\/#website\",\"url\":\"https:\/\/tlustacara.cz\/en\/\",\"name\":\"Tlust\u00e1 \u010d\u00e1ra\",\"description\":\"Um\u011bleck\u00e1 skupina tlust\u00e1 \u010d\u00e1ra\",\"publisher\":{\"@id\":\"https:\/\/tlustacara.cz\/en\/#organization\"},\"potentialAction\":[{\"@type\":\"SearchAction\",\"target\":{\"@type\":\"EntryPoint\",\"urlTemplate\":\"https:\/\/tlustacara.cz\/en\/?s={search_term_string}\"},\"query-input\":\"required name=search_term_string\"}],\"inLanguage\":\"en-US\"},{\"@type\":\"Organization\",\"@id\":\"https:\/\/tlustacara.cz\/en\/#organization\",\"name\":\"Tlust\u00e1 \u010d\u00e1ra\",\"url\":\"https:\/\/tlustacara.cz\/en\/\",\"logo\":{\"@type\":\"ImageObject\",\"inLanguage\":\"en-US\",\"@id\":\"https:\/\/tlustacara.cz\/en\/#\/schema\/logo\/image\/\",\"url\":\"https:\/\/tlustacara.cz\/wp-content\/uploads\/2020\/09\/totot-removebg-preview.png\",\"contentUrl\":\"https:\/\/tlustacara.cz\/wp-content\/uploads\/2020\/09\/totot-removebg-preview.png\",\"width\":500,\"height\":500,\"caption\":\"Tlust\u00e1 \u010d\u00e1ra\"},\"image\":{\"@id\":\"https:\/\/tlustacara.cz\/en\/#\/schema\/logo\/image\/\"},\"sameAs\":[\"https:\/\/facebook.com\/tlustacara\",\"https:\/\/instagram.com\/tlustacara\",\"https:\/\/www.youtube.com\/channel\/UCxQ41kVDbj5r6ElmXDey39w\"]}]}<\/script>\n<!-- \/ Yoast SEO plugin. -->","yoast_head_json":{"title":"Kontakt - Tlust\u00e1 \u010d\u00e1ra","robots":{"index":"index","follow":"follow","max-snippet":"max-snippet:-1","max-image-preview":"max-image-preview:large","max-video-preview":"max-video-preview:-1"},"canonical":"https:\/\/tlustacara.cz\/en\/kontakt\/","og_locale":"en_US","og_type":"article","og_title":"Kontakt - Tlust\u00e1 \u010d\u00e1ra","og_description":"Kontakt Sokolovsk\u00e1 136\/24186 00 Praha 8 &#8211; Invalidovna +420 725 805 156 info@tlustacara.cz facebook.com\/tlustacara instagram.com\/tlustacara","og_url":"https:\/\/tlustacara.cz\/en\/kontakt\/","og_site_name":"Tlust\u00e1 \u010d\u00e1ra","article_publisher":"https:\/\/facebook.com\/tlustacara","article_modified_time":"2022-01-27T11:52:46+00:00","og_image":[{"width":500,"height":500,"url":"https:\/\/tlustacara.cz\/wp-content\/uploads\/2020\/09\/totot-removebg-preview.png","type":"image\/png"}],"twitter_card":"summary_large_image","twitter_misc":{"Est. reading time":"1 minute"},"schema":{"@context":"https:\/\/schema.org","@graph":[{"@type":"WebPage","@id":"https:\/\/tlustacara.cz\/kontakt\/","url":"https:\/\/tlustacara.cz\/kontakt\/","name":"Kontakt - Tlust\u00e1 \u010d\u00e1ra","isPartOf":{"@id":"https:\/\/tlustacara.cz\/en\/#website"},"datePublished":"2021-03-14T14:07:12+00:00","dateModified":"2022-01-27T11:52:46+00:00","breadcrumb":{"@id":"https:\/\/tlustacara.cz\/kontakt\/#breadcrumb"},"inLanguage":"en-US","potentialAction":[{"@type":"ReadAction","target":["https:\/\/tlustacara.cz\/kontakt\/"]}]},{"@type":"BreadcrumbList","@id":"https:\/\/tlustacara.cz\/kontakt\/#breadcrumb","itemListElement":[{"@type":"ListItem","position":1,"name":"Dom\u016f","item":"https:\/\/tlustacara.cz\/"},{"@type":"ListItem","position":2,"name":"Kontakt"}]},{"@type":"WebSite","@id":"https:\/\/tlustacara.cz\/en\/#website","url":"https:\/\/tlustacara.cz\/en\/","name":"Tlust\u00e1 \u010d\u00e1ra","description":"Um\u011bleck\u00e1 skupina tlust\u00e1 \u010d\u00e1ra","publisher":{"@id":"https:\/\/tlustacara.cz\/en\/#organization"},"potentialAction":[{"@type":"SearchAction","target":{"@type":"EntryPoint","urlTemplate":"https:\/\/tlustacara.cz\/en\/?s={search_term_string}"},"query-input":"required name=search_term_string"}],"inLanguage":"en-US"},{"@type":"Organization","@id":"https:\/\/tlustacara.cz\/en\/#organization","name":"Tlust\u00e1 \u010d\u00e1ra","url":"https:\/\/tlustacara.cz\/en\/","logo":{"@type":"ImageObject","inLanguage":"en-US","@id":"https:\/\/tlustacara.cz\/en\/#\/schema\/logo\/image\/","url":"https:\/\/tlustacara.cz\/wp-content\/uploads\/2020\/09\/totot-removebg-preview.png","contentUrl":"https:\/\/tlustacara.cz\/wp-content\/uploads\/2020\/09\/totot-removebg-preview.png","width":500,"height":500,"caption":"Tlust\u00e1 \u010d\u00e1ra"},"image":{"@id":"https:\/\/tlustacara.cz\/en\/#\/schema\/logo\/image\/"},"sameAs":["https:\/\/facebook.com\/tlustacara","https:\/\/instagram.com\/tlustacara","https:\/\/www.youtube.com\/channel\/UCxQ41kVDbj5r6ElmXDey39w"]}]}},"_links":{"self":[{"href":"https:\/\/tlustacara.cz\/en\/wp-json\/wp\/v2\/pages\/1183"}],"collection":[{"href":"https:\/\/tlustacara.cz\/en\/wp-json\/wp\/v2\/pages"}],"about":[{"href":"https:\/\/tlustacara.cz\/en\/wp-json\/wp\/v2\/types\/page"}],"author":[{"embeddable":true,"href":"https:\/\/tlustacara.cz\/en\/wp-json\/wp\/v2\/users\/1"}],"replies":[{"embeddable":true,"href":"https:\/\/tlustacara.cz\/en\/wp-json\/wp\/v2\/comments?post=1183"}],"version-history":[{"count":3,"href":"https:\/\/tlustacara.cz\/en\/wp-json\/wp\/v2\/pages\/1183\/revisions"}],"predecessor-version":[{"id":3413,"href":"https:\/\/tlustacara.cz\/en\/wp-json\/wp\/v2\/pages\/1183\/revisions\/3413"}],"wp:attachment":[{"href":"https:\/\/tlustacara.cz\/en\/wp-json\/wp\/v2\/media?parent=1183"}],"curies":[{"name":"wp","href":"https:\/\/api.w.org\/{rel}","templated":true}]}}